{"id":796,"date":"2022-05-02T17:17:09","date_gmt":"2022-05-02T15:17:09","guid":{"rendered":"https:\/\/www.euraxi.fr\/termes-conditions\/"},"modified":"2023-03-06T15:15:16","modified_gmt":"2023-03-06T14:15:16","slug":"termes-conditions","status":"publish","type":"page","link":"https:\/\/www.euraxi.fr\/en\/termes-conditions\/","title":{"rendered":"Legal Notice"},"content":{"rendered":"<h2>1. SITE PUBLISHER<\/h2>\n<p>Euraxi Pharma<br \/>\n10 rue Gutenberg<br \/>\nBP 80325 \u2013 37303 Jou\u00e9-l\u00e8s-Tours<\/p>\n<p>Tel: +33 <a href=\"https:\/\/www.google.com\/search?q=euraxi+pharma&amp;sxsrf=ALiCzsZ5oSmu6Aa9DMHPvawq1ChsdAE8Qg%3A1657552587354&amp;ei=yz7MYtOLFaGKur4P6JmCmAM&amp;ved=0ahUKEwiTnanJkPH4AhUhhc4BHeiMADMQ4dUDCA4&amp;uact=5&amp;oq=euraxi+pharma&amp;gs_lcp=Cgdnd3Mtd2l6EAMyBAgjECcyCgguEMcBEK8BECcyBQgAEIAEMgUIABCABDIFCAAQgAQyBggAEB4QFjIGCAAQHhAWMgYIABAeEBYyBggAEB4QFjICCCY6BwgAEEcQsANKBAhBGABKBAhGGABQvAVYvAVg0gZoAnABeACAAUuIAUuSAQExmAEAoAEByAECwAEB&amp;sclient=gws-wiz#\" data-dtype=\"d3ph\" data-local-attribute=\"d3ph\" data-ved=\"2ahUKEwiPkKTNkPH4AhUU_RoKHWcQDDMQkAgoAHoECGgQAw\"><span aria-label=\"Appeler le 02 47 74 30 30\">2 47 74 30 30<\/span><\/a><\/p>\n<p>Registered business no.: 42096575800030<br \/>\nRegistered capital: \u20ac1,974,826<br \/>\nTrade and Companies Register: 420 965 758 RCS TOURS<br \/>\nVAT no.: FR 63420965758<\/p>\n<h2>2. PUBLICATIONS DIRECTOR<\/h2>\n<p>Publications director: S\u00e9bastien Louveau \u2013 CEO<\/p>\n<h2>3. WEBSITE DESIGN<\/h2>\n<p>Ringo Studio<br \/>\n49 Bd Preuilly, 37000 Tours<br \/>\nTel:\u00a0<a class=\"linkin\" href=\"tel:0247682097\">+33 <\/a><a href=\"https:\/\/www.google.com\/search?q=ringo+studio&amp;oq=ringo+studio&amp;aqs=chrome..69i57j46i175i199i512j0i22i30j0i10i22i30j0i22i30j69i60l3.1593j0j7&amp;sourceid=chrome&amp;ie=UTF-8#\" data-dtype=\"d3ph\" data-local-attribute=\"d3ph\" data-ved=\"2ahUKEwjbrpOnkfH4AhVQ5IUKHRI1CzIQkAgoAHoECD4QAw\"><span aria-label=\"Appeler le 06 17 46 68 08\">6 17 46 68 08<\/span><\/a><br \/>\nWebsite: www.ringo.studio\/<\/p>\n<h2>4. HOSTED BY<\/h2>\n<p>1&amp;1 IONOS SARL<br \/>\n<u>Website:<\/u>\u00a0<a class=\"linkout\" href=\"https:\/\/www.imdeo.com\/\" target=\"_blank\" rel=\"noopener\">www.ionos.fr<\/a><\/p>\n","protected":false},"excerpt":{"rendered":"<p>1. SITE PUBLISHER Euraxi Pharma 10 rue Gutenberg BP 80325 \u2013 37303 Jou\u00e9-l\u00e8s-Tours Tel: +33 2 47 74 30 30 Registered business no.: 42096575800030 Registered capital: \u20ac1,974,826 Trade and Companies Register: 420 965 758 RCS TOURS VAT no.: FR 63420965758 2. PUBLICATIONS DIRECTOR Publications director: S\u00e9bastien Louveau \u2013 CEO 3. WEBSITE DESIGN Ringo Studio 49 [&hellip;]<\/p>\n","protected":false},"author":3,"featured_media":0,"parent":0,"menu_order":0,"comment_status":"closed","ping_status":"closed","template":"","meta":{"_acf_changed":false,"inline_featured_image":false,"footnotes":""},"class_list":["post-796","page","type-page","status-publish","hentry"],"acf":[],"yoast_head":"<!-- This site is optimized with the Yoast SEO plugin v27.3 - https:\/\/yoast.com\/product\/yoast-seo-wordpress\/ -->\n<title>Legal Notice - Euraxi<\/title>\n<meta name=\"robots\" content=\"index, follow, max-snippet:-1, max-image-preview:large, max-video-preview:-1\" \/>\n<link rel=\"canonical\" href=\"https:\/\/www.euraxi.fr\/en\/termes-conditions\/\" \/>\n<meta property=\"og:locale\" content=\"en_US\" \/>\n<meta property=\"og:type\" content=\"article\" \/>\n<meta property=\"og:title\" content=\"Legal Notice - Euraxi\" \/>\n<meta property=\"og:description\" content=\"1. SITE PUBLISHER Euraxi Pharma 10 rue Gutenberg BP 80325 \u2013 37303 Jou\u00e9-l\u00e8s-Tours Tel: +33 2 47 74 30 30 Registered business no.: 42096575800030 Registered capital: \u20ac1,974,826 Trade and Companies Register: 420 965 758 RCS TOURS VAT no.: FR 63420965758 2. PUBLICATIONS DIRECTOR Publications director: S\u00e9bastien Louveau \u2013 CEO 3. WEBSITE DESIGN Ringo Studio 49 [&hellip;]\" \/>\n<meta property=\"og:url\" content=\"https:\/\/www.euraxi.fr\/en\/termes-conditions\/\" \/>\n<meta property=\"og:site_name\" content=\"Euraxi\" \/>\n<meta property=\"article:modified_time\" content=\"2023-03-06T14:15:16+00:00\" \/>\n<meta name=\"twitter:card\" content=\"summary_large_image\" \/>\n<meta name=\"twitter:site\" content=\"@euraxihts\" \/>\n<meta name=\"twitter:label1\" content=\"Est. reading time\" \/>\n\t<meta name=\"twitter:data1\" content=\"1 minute\" \/>\n<script type=\"application\/ld+json\" class=\"yoast-schema-graph\">{\"@context\":\"https:\\\/\\\/schema.org\",\"@graph\":[{\"@type\":\"WebPage\",\"@id\":\"https:\\\/\\\/www.euraxi.fr\\\/en\\\/termes-conditions\\\/\",\"url\":\"https:\\\/\\\/www.euraxi.fr\\\/en\\\/termes-conditions\\\/\",\"name\":\"Legal Notice - Euraxi\",\"isPartOf\":{\"@id\":\"https:\\\/\\\/www.euraxi.fr\\\/en\\\/#website\"},\"datePublished\":\"2022-05-02T15:17:09+00:00\",\"dateModified\":\"2023-03-06T14:15:16+00:00\",\"breadcrumb\":{\"@id\":\"https:\\\/\\\/www.euraxi.fr\\\/en\\\/termes-conditions\\\/#breadcrumb\"},\"inLanguage\":\"en-US\",\"potentialAction\":[{\"@type\":\"ReadAction\",\"target\":[\"https:\\\/\\\/www.euraxi.fr\\\/en\\\/termes-conditions\\\/\"]}]},{\"@type\":\"BreadcrumbList\",\"@id\":\"https:\\\/\\\/www.euraxi.fr\\\/en\\\/termes-conditions\\\/#breadcrumb\",\"itemListElement\":[{\"@type\":\"ListItem\",\"position\":1,\"name\":\"Accueil\",\"item\":\"https:\\\/\\\/www.euraxi.fr\\\/en\\\/\"},{\"@type\":\"ListItem\",\"position\":2,\"name\":\"Legal Notice\"}]},{\"@type\":\"WebSite\",\"@id\":\"https:\\\/\\\/www.euraxi.fr\\\/en\\\/#website\",\"url\":\"https:\\\/\\\/www.euraxi.fr\\\/en\\\/\",\"name\":\"Euraxi - CRO depuis 1986 - Recherche Clinique\",\"description\":\"Sp\u00e9cialis\u00e9 dans l&#039;accompagnement des projets dans le secteur de la sant\u00e9 depuis 1986\",\"publisher\":{\"@id\":\"https:\\\/\\\/www.euraxi.fr\\\/en\\\/#organization\"},\"potentialAction\":[{\"@type\":\"SearchAction\",\"target\":{\"@type\":\"EntryPoint\",\"urlTemplate\":\"https:\\\/\\\/www.euraxi.fr\\\/en\\\/?s={search_term_string}\"},\"query-input\":{\"@type\":\"PropertyValueSpecification\",\"valueRequired\":true,\"valueName\":\"search_term_string\"}}],\"inLanguage\":\"en-US\"},{\"@type\":\"Organization\",\"@id\":\"https:\\\/\\\/www.euraxi.fr\\\/en\\\/#organization\",\"name\":\"Euraxi\",\"url\":\"https:\\\/\\\/www.euraxi.fr\\\/en\\\/\",\"logo\":{\"@type\":\"ImageObject\",\"inLanguage\":\"en-US\",\"@id\":\"https:\\\/\\\/www.euraxi.fr\\\/en\\\/#\\\/schema\\\/logo\\\/image\\\/\",\"url\":\"https:\\\/\\\/www.euraxi.fr\\\/wp-content\\\/uploads\\\/2022\\\/05\\\/logo-euraxi-white.png\",\"contentUrl\":\"https:\\\/\\\/www.euraxi.fr\\\/wp-content\\\/uploads\\\/2022\\\/05\\\/logo-euraxi-white.png\",\"width\":451,\"height\":128,\"caption\":\"Euraxi\"},\"image\":{\"@id\":\"https:\\\/\\\/www.euraxi.fr\\\/en\\\/#\\\/schema\\\/logo\\\/image\\\/\"},\"sameAs\":[\"https:\\\/\\\/x.com\\\/euraxihts\",\"https:\\\/\\\/www.linkedin.com\\\/company\\\/euraxi-pharma\\\/\"]}]}<\/script>\n<!-- \/ Yoast SEO plugin. -->","yoast_head_json":{"title":"Legal Notice - Euraxi","robots":{"index":"index","follow":"follow","max-snippet":"max-snippet:-1","max-image-preview":"max-image-preview:large","max-video-preview":"max-video-preview:-1"},"canonical":"https:\/\/www.euraxi.fr\/en\/termes-conditions\/","og_locale":"en_US","og_type":"article","og_title":"Legal Notice - Euraxi","og_description":"1. SITE PUBLISHER Euraxi Pharma 10 rue Gutenberg BP 80325 \u2013 37303 Jou\u00e9-l\u00e8s-Tours Tel: +33 2 47 74 30 30 Registered business no.: 42096575800030 Registered capital: \u20ac1,974,826 Trade and Companies Register: 420 965 758 RCS TOURS VAT no.: FR 63420965758 2. PUBLICATIONS DIRECTOR Publications director: S\u00e9bastien Louveau \u2013 CEO 3. WEBSITE DESIGN Ringo Studio 49 [&hellip;]","og_url":"https:\/\/www.euraxi.fr\/en\/termes-conditions\/","og_site_name":"Euraxi","article_modified_time":"2023-03-06T14:15:16+00:00","twitter_card":"summary_large_image","twitter_site":"@euraxihts","twitter_misc":{"Est. reading time":"1 minute"},"schema":{"@context":"https:\/\/schema.org","@graph":[{"@type":"WebPage","@id":"https:\/\/www.euraxi.fr\/en\/termes-conditions\/","url":"https:\/\/www.euraxi.fr\/en\/termes-conditions\/","name":"Legal Notice - Euraxi","isPartOf":{"@id":"https:\/\/www.euraxi.fr\/en\/#website"},"datePublished":"2022-05-02T15:17:09+00:00","dateModified":"2023-03-06T14:15:16+00:00","breadcrumb":{"@id":"https:\/\/www.euraxi.fr\/en\/termes-conditions\/#breadcrumb"},"inLanguage":"en-US","potentialAction":[{"@type":"ReadAction","target":["https:\/\/www.euraxi.fr\/en\/termes-conditions\/"]}]},{"@type":"BreadcrumbList","@id":"https:\/\/www.euraxi.fr\/en\/termes-conditions\/#breadcrumb","itemListElement":[{"@type":"ListItem","position":1,"name":"Accueil","item":"https:\/\/www.euraxi.fr\/en\/"},{"@type":"ListItem","position":2,"name":"Legal Notice"}]},{"@type":"WebSite","@id":"https:\/\/www.euraxi.fr\/en\/#website","url":"https:\/\/www.euraxi.fr\/en\/","name":"Euraxi - CRO depuis 1986 - Recherche Clinique","description":"Sp\u00e9cialis\u00e9 dans l&#039;accompagnement des projets dans le secteur de la sant\u00e9 depuis 1986","publisher":{"@id":"https:\/\/www.euraxi.fr\/en\/#organization"},"potentialAction":[{"@type":"SearchAction","target":{"@type":"EntryPoint","urlTemplate":"https:\/\/www.euraxi.fr\/en\/?s={search_term_string}"},"query-input":{"@type":"PropertyValueSpecification","valueRequired":true,"valueName":"search_term_string"}}],"inLanguage":"en-US"},{"@type":"Organization","@id":"https:\/\/www.euraxi.fr\/en\/#organization","name":"Euraxi","url":"https:\/\/www.euraxi.fr\/en\/","logo":{"@type":"ImageObject","inLanguage":"en-US","@id":"https:\/\/www.euraxi.fr\/en\/#\/schema\/logo\/image\/","url":"https:\/\/www.euraxi.fr\/wp-content\/uploads\/2022\/05\/logo-euraxi-white.png","contentUrl":"https:\/\/www.euraxi.fr\/wp-content\/uploads\/2022\/05\/logo-euraxi-white.png","width":451,"height":128,"caption":"Euraxi"},"image":{"@id":"https:\/\/www.euraxi.fr\/en\/#\/schema\/logo\/image\/"},"sameAs":["https:\/\/x.com\/euraxihts","https:\/\/www.linkedin.com\/company\/euraxi-pharma\/"]}]}},"_links":{"self":[{"href":"https:\/\/www.euraxi.fr\/en\/wp-json\/wp\/v2\/pages\/796","targetHints":{"allow":["GET"]}}],"collection":[{"href":"https:\/\/www.euraxi.fr\/en\/wp-json\/wp\/v2\/pages"}],"about":[{"href":"https:\/\/www.euraxi.fr\/en\/wp-json\/wp\/v2\/types\/page"}],"author":[{"embeddable":true,"href":"https:\/\/www.euraxi.fr\/en\/wp-json\/wp\/v2\/users\/3"}],"replies":[{"embeddable":true,"href":"https:\/\/www.euraxi.fr\/en\/wp-json\/wp\/v2\/comments?post=796"}],"version-history":[{"count":6,"href":"https:\/\/www.euraxi.fr\/en\/wp-json\/wp\/v2\/pages\/796\/revisions"}],"predecessor-version":[{"id":1935,"href":"https:\/\/www.euraxi.fr\/en\/wp-json\/wp\/v2\/pages\/796\/revisions\/1935"}],"wp:attachment":[{"href":"https:\/\/www.euraxi.fr\/en\/wp-json\/wp\/v2\/media?parent=796"}],"curies":[{"name":"wp","href":"https:\/\/api.w.org\/{rel}","templated":true}]}}