{"id":794,"date":"2022-04-28T11:31:41","date_gmt":"2022-04-28T09:31:41","guid":{"rendered":"https:\/\/www.euraxi.fr\/politique-de-confidentialite\/"},"modified":"2023-03-06T15:29:22","modified_gmt":"2023-03-06T14:29:22","slug":"politique-de-confidentialite","status":"publish","type":"page","link":"https:\/\/www.euraxi.fr\/en\/politique-de-confidentialite\/","title":{"rendered":"Privacy Policy"},"content":{"rendered":"\r\n<h2 class=\"wp-block-heading\">Who are we?<\/h2>\r\n\r\n\r\n\r\n<p>Our website address is: https:\/\/www.euraxi.fr<\/p>\r\n\r\n\r\n\r\n<h2 class=\"wp-block-heading\">Comments<\/h2>\r\n\r\n\r\n\r\n<p>When you leave a comment on our website, the data entered in the comments form, along with your IP address and your web browser\u2019s user agent, are collected to help us detect any spam comments.<\/p>\r\n\r\n\r\n\r\n<p>An anonymised string (or hash) created using your email address may be sent to Gravatar to check if you are a Gravatar user. Gravatar\u2019s privacy policy is available here: https:\/\/automattic.com\/privacy\/. Once your comment has been validated, your profile picture will be publicly visible beside your comment.<\/p>\r\n\r\n\r\n\r\n<h2 class=\"wp-block-heading\">Media<\/h2>\r\n\r\n\r\n\r\n<p>If you upload images onto the site, we recommend that you avoid uploading images containing GPS coordinates in the EXIF data. Visitors to the site can download and extract location data from such images.<\/p>\r\n\r\n\r\n\r\n<h2 class=\"wp-block-heading\">Cookies<\/h2>\r\n\r\n\r\n\r\n<p>If you leave a comment on our site, you will be asked if your name, email address and website can be saved in cookies. This simply makes things easier for you when you next want to post a comment on our site, as you won\u2019t have to enter the same information again. These cookies expire after one year.<\/p>\r\n\r\n\r\n\r\n<p>If you visit our login page, a temporary cookie will be created to check whether your browser accepts cookies. It does not contain any personal information and will be automatically deleted when you close your web browser.<\/p>\r\n\r\n\r\n\r\n<p>When you log in, we will install a certain number of cookies to save your login details and screen preferences. Login cookies expire after two days and screen preference cookies after one year. If you check the \u201cRemember me\u201d box, your login cookie will be saved for two weeks. If you log out of your account, the login cookie will be deleted.<\/p>\r\n\r\n\r\n\r\n<p>If you edit or publish a post, an extra cookie will be saved in your browser. This cookie does not contain any personal information. It simply saves the ID of the publication you edited. It expires after one day.<\/p>\r\n\r\n\r\n\r\n<h2 class=\"wp-block-heading\">Embedded content from other sites<\/h2>\r\n\r\n\r\n\r\n<p>The articles on this website may contain embedded content (e.g. videos, images, articles). Viewing the embedded content from other websites is the same as visiting those sites.<\/p>\r\n\r\n\r\n\r\n<p>Such websites might collect information about you, use cookies, embed third-party tracking tools and track your interactions with the embedded content if you are logged in to an account on their website.<\/p>\r\n\r\n\r\n\r\n<h2 class=\"wp-block-heading\">Use and disclosure of your personal data<\/h2>\r\n\r\n\r\n\r\n<p>If you request a password reset, your IP address will be included in the reset email.<\/p>\r\n\r\n\r\n\r\n<h2 class=\"wp-block-heading\">Retention periods for your data<\/h2>\r\n\r\n\r\n\r\n<p>If you post a comment, the comment and its metadata are stored for an unlimited period. That allows us to automatically recognize and approve subsequent comments instead of leaving them in the moderation queue.<\/p>\r\n\r\n\r\n\r\n<p>If an account is created on our website, we also store the personal data entered in the profile. All account owners can view, edit, or delete their personal information at any time (with the exception of their user ID). Website managers can also view and edit this information.<\/p>\r\n\r\n\r\n\r\n<h2 class=\"wp-block-heading\">Your data rights<\/h2>\r\n\r\n\r\n\r\n<p>If you have an account or if you have left comments on the website, you can ask us to send you a file containing all the personal data we have about you, including the personal data you shared with us. You may also ask for your personal data to be deleted. This does not include data stored for administrative, legal or security purposes.<\/p>\r\n\r\n\r\n\r\n<h2 class=\"wp-block-heading\">Transmission of your personal data<\/h2>\r\n\r\n\r\n\r\n<p>Visitor comments may be checked using an automated spam detection service.<\/p>\r\n","protected":false},"excerpt":{"rendered":"<p>Who are we? Our website address is: https:\/\/www.euraxi.fr Comments When you leave a comment on our website, the data entered in the comments form, along with your IP address and your web browser\u2019s user agent, are collected to help us detect any spam comments. An anonymised string (or hash) created using your email address may [&hellip;]<\/p>\n","protected":false},"author":3,"featured_media":0,"parent":0,"menu_order":0,"comment_status":"closed","ping_status":"closed","template":"","meta":{"_acf_changed":false,"inline_featured_image":false,"footnotes":""},"class_list":["post-794","page","type-page","status-publish","hentry"],"acf":[],"yoast_head":"<!-- This site is optimized with the Yoast SEO plugin v27.3 - https:\/\/yoast.com\/product\/yoast-seo-wordpress\/ -->\n<title>Privacy Policy - Euraxi<\/title>\n<meta name=\"robots\" content=\"index, follow, max-snippet:-1, max-image-preview:large, max-video-preview:-1\" \/>\n<link rel=\"canonical\" href=\"https:\/\/www.euraxi.fr\/en\/politique-de-confidentialite\/\" \/>\n<meta property=\"og:locale\" content=\"en_US\" \/>\n<meta property=\"og:type\" content=\"article\" \/>\n<meta property=\"og:title\" content=\"Privacy Policy - Euraxi\" \/>\n<meta property=\"og:description\" content=\"Who are we? Our website address is: https:\/\/www.euraxi.fr Comments When you leave a comment on our website, the data entered in the comments form, along with your IP address and your web browser\u2019s user agent, are collected to help us detect any spam comments. An anonymised string (or hash) created using your email address may [&hellip;]\" \/>\n<meta property=\"og:url\" content=\"https:\/\/www.euraxi.fr\/en\/politique-de-confidentialite\/\" \/>\n<meta property=\"og:site_name\" content=\"Euraxi\" \/>\n<meta property=\"article:modified_time\" content=\"2023-03-06T14:29:22+00:00\" \/>\n<meta name=\"twitter:card\" content=\"summary_large_image\" \/>\n<meta name=\"twitter:site\" content=\"@euraxihts\" \/>\n<meta name=\"twitter:label1\" content=\"Est. reading time\" \/>\n\t<meta name=\"twitter:data1\" content=\"4 minutes\" \/>\n<script type=\"application\/ld+json\" class=\"yoast-schema-graph\">{\"@context\":\"https:\\\/\\\/schema.org\",\"@graph\":[{\"@type\":\"WebPage\",\"@id\":\"https:\\\/\\\/www.euraxi.fr\\\/en\\\/politique-de-confidentialite\\\/\",\"url\":\"https:\\\/\\\/www.euraxi.fr\\\/en\\\/politique-de-confidentialite\\\/\",\"name\":\"Privacy Policy - Euraxi\",\"isPartOf\":{\"@id\":\"https:\\\/\\\/www.euraxi.fr\\\/en\\\/#website\"},\"datePublished\":\"2022-04-28T09:31:41+00:00\",\"dateModified\":\"2023-03-06T14:29:22+00:00\",\"breadcrumb\":{\"@id\":\"https:\\\/\\\/www.euraxi.fr\\\/en\\\/politique-de-confidentialite\\\/#breadcrumb\"},\"inLanguage\":\"en-US\",\"potentialAction\":[{\"@type\":\"ReadAction\",\"target\":[\"https:\\\/\\\/www.euraxi.fr\\\/en\\\/politique-de-confidentialite\\\/\"]}]},{\"@type\":\"BreadcrumbList\",\"@id\":\"https:\\\/\\\/www.euraxi.fr\\\/en\\\/politique-de-confidentialite\\\/#breadcrumb\",\"itemListElement\":[{\"@type\":\"ListItem\",\"position\":1,\"name\":\"Accueil\",\"item\":\"https:\\\/\\\/www.euraxi.fr\\\/en\\\/\"},{\"@type\":\"ListItem\",\"position\":2,\"name\":\"Privacy Policy\"}]},{\"@type\":\"WebSite\",\"@id\":\"https:\\\/\\\/www.euraxi.fr\\\/en\\\/#website\",\"url\":\"https:\\\/\\\/www.euraxi.fr\\\/en\\\/\",\"name\":\"Euraxi - CRO depuis 1986 - Recherche Clinique\",\"description\":\"Sp\u00e9cialis\u00e9 dans l&#039;accompagnement des projets dans le secteur de la sant\u00e9 depuis 1986\",\"publisher\":{\"@id\":\"https:\\\/\\\/www.euraxi.fr\\\/en\\\/#organization\"},\"potentialAction\":[{\"@type\":\"SearchAction\",\"target\":{\"@type\":\"EntryPoint\",\"urlTemplate\":\"https:\\\/\\\/www.euraxi.fr\\\/en\\\/?s={search_term_string}\"},\"query-input\":{\"@type\":\"PropertyValueSpecification\",\"valueRequired\":true,\"valueName\":\"search_term_string\"}}],\"inLanguage\":\"en-US\"},{\"@type\":\"Organization\",\"@id\":\"https:\\\/\\\/www.euraxi.fr\\\/en\\\/#organization\",\"name\":\"Euraxi\",\"url\":\"https:\\\/\\\/www.euraxi.fr\\\/en\\\/\",\"logo\":{\"@type\":\"ImageObject\",\"inLanguage\":\"en-US\",\"@id\":\"https:\\\/\\\/www.euraxi.fr\\\/en\\\/#\\\/schema\\\/logo\\\/image\\\/\",\"url\":\"https:\\\/\\\/www.euraxi.fr\\\/wp-content\\\/uploads\\\/2022\\\/05\\\/logo-euraxi-white.png\",\"contentUrl\":\"https:\\\/\\\/www.euraxi.fr\\\/wp-content\\\/uploads\\\/2022\\\/05\\\/logo-euraxi-white.png\",\"width\":451,\"height\":128,\"caption\":\"Euraxi\"},\"image\":{\"@id\":\"https:\\\/\\\/www.euraxi.fr\\\/en\\\/#\\\/schema\\\/logo\\\/image\\\/\"},\"sameAs\":[\"https:\\\/\\\/x.com\\\/euraxihts\",\"https:\\\/\\\/www.linkedin.com\\\/company\\\/euraxi-pharma\\\/\"]}]}<\/script>\n<!-- \/ Yoast SEO plugin. -->","yoast_head_json":{"title":"Privacy Policy - Euraxi","robots":{"index":"index","follow":"follow","max-snippet":"max-snippet:-1","max-image-preview":"max-image-preview:large","max-video-preview":"max-video-preview:-1"},"canonical":"https:\/\/www.euraxi.fr\/en\/politique-de-confidentialite\/","og_locale":"en_US","og_type":"article","og_title":"Privacy Policy - Euraxi","og_description":"Who are we? Our website address is: https:\/\/www.euraxi.fr Comments When you leave a comment on our website, the data entered in the comments form, along with your IP address and your web browser\u2019s user agent, are collected to help us detect any spam comments. An anonymised string (or hash) created using your email address may [&hellip;]","og_url":"https:\/\/www.euraxi.fr\/en\/politique-de-confidentialite\/","og_site_name":"Euraxi","article_modified_time":"2023-03-06T14:29:22+00:00","twitter_card":"summary_large_image","twitter_site":"@euraxihts","twitter_misc":{"Est. reading time":"4 minutes"},"schema":{"@context":"https:\/\/schema.org","@graph":[{"@type":"WebPage","@id":"https:\/\/www.euraxi.fr\/en\/politique-de-confidentialite\/","url":"https:\/\/www.euraxi.fr\/en\/politique-de-confidentialite\/","name":"Privacy Policy - Euraxi","isPartOf":{"@id":"https:\/\/www.euraxi.fr\/en\/#website"},"datePublished":"2022-04-28T09:31:41+00:00","dateModified":"2023-03-06T14:29:22+00:00","breadcrumb":{"@id":"https:\/\/www.euraxi.fr\/en\/politique-de-confidentialite\/#breadcrumb"},"inLanguage":"en-US","potentialAction":[{"@type":"ReadAction","target":["https:\/\/www.euraxi.fr\/en\/politique-de-confidentialite\/"]}]},{"@type":"BreadcrumbList","@id":"https:\/\/www.euraxi.fr\/en\/politique-de-confidentialite\/#breadcrumb","itemListElement":[{"@type":"ListItem","position":1,"name":"Accueil","item":"https:\/\/www.euraxi.fr\/en\/"},{"@type":"ListItem","position":2,"name":"Privacy Policy"}]},{"@type":"WebSite","@id":"https:\/\/www.euraxi.fr\/en\/#website","url":"https:\/\/www.euraxi.fr\/en\/","name":"Euraxi - CRO depuis 1986 - Recherche Clinique","description":"Sp\u00e9cialis\u00e9 dans l&#039;accompagnement des projets dans le secteur de la sant\u00e9 depuis 1986","publisher":{"@id":"https:\/\/www.euraxi.fr\/en\/#organization"},"potentialAction":[{"@type":"SearchAction","target":{"@type":"EntryPoint","urlTemplate":"https:\/\/www.euraxi.fr\/en\/?s={search_term_string}"},"query-input":{"@type":"PropertyValueSpecification","valueRequired":true,"valueName":"search_term_string"}}],"inLanguage":"en-US"},{"@type":"Organization","@id":"https:\/\/www.euraxi.fr\/en\/#organization","name":"Euraxi","url":"https:\/\/www.euraxi.fr\/en\/","logo":{"@type":"ImageObject","inLanguage":"en-US","@id":"https:\/\/www.euraxi.fr\/en\/#\/schema\/logo\/image\/","url":"https:\/\/www.euraxi.fr\/wp-content\/uploads\/2022\/05\/logo-euraxi-white.png","contentUrl":"https:\/\/www.euraxi.fr\/wp-content\/uploads\/2022\/05\/logo-euraxi-white.png","width":451,"height":128,"caption":"Euraxi"},"image":{"@id":"https:\/\/www.euraxi.fr\/en\/#\/schema\/logo\/image\/"},"sameAs":["https:\/\/x.com\/euraxihts","https:\/\/www.linkedin.com\/company\/euraxi-pharma\/"]}]}},"_links":{"self":[{"href":"https:\/\/www.euraxi.fr\/en\/wp-json\/wp\/v2\/pages\/794","targetHints":{"allow":["GET"]}}],"collection":[{"href":"https:\/\/www.euraxi.fr\/en\/wp-json\/wp\/v2\/pages"}],"about":[{"href":"https:\/\/www.euraxi.fr\/en\/wp-json\/wp\/v2\/types\/page"}],"author":[{"embeddable":true,"href":"https:\/\/www.euraxi.fr\/en\/wp-json\/wp\/v2\/users\/3"}],"replies":[{"embeddable":true,"href":"https:\/\/www.euraxi.fr\/en\/wp-json\/wp\/v2\/comments?post=794"}],"version-history":[{"count":5,"href":"https:\/\/www.euraxi.fr\/en\/wp-json\/wp\/v2\/pages\/794\/revisions"}],"predecessor-version":[{"id":1937,"href":"https:\/\/www.euraxi.fr\/en\/wp-json\/wp\/v2\/pages\/794\/revisions\/1937"}],"wp:attachment":[{"href":"https:\/\/www.euraxi.fr\/en\/wp-json\/wp\/v2\/media?parent=794"}],"curies":[{"name":"wp","href":"https:\/\/api.w.org\/{rel}","templated":true}]}}