{"id":785,"date":"2022-05-02T10:37:41","date_gmt":"2022-05-02T08:37:41","guid":{"rendered":"https:\/\/www.euraxi.fr\/carrieres\/"},"modified":"2025-02-14T15:52:43","modified_gmt":"2025-02-14T14:52:43","slug":"carrieres","status":"publish","type":"page","link":"https:\/\/www.euraxi.fr\/en\/carrieres\/","title":{"rendered":"Careers"},"content":{"rendered":"<p>Euraxi is always on the lookout for the best talent : Experience, skills and motivation are the primary assets needed to join our teams.<\/p>\n<p>&nbsp;<\/p>\n<p>If you think you can be part of this adventure send us your curriculum vitae and a letter explaining why you think we could have a future together.<\/p>\n","protected":false},"excerpt":{"rendered":"<p>Euraxi is always on the lookout for the best talent : Experience, skills and motivation are the primary assets needed to join our teams. &nbsp; If you think you can be part of this adventure send us your curriculum vitae and a letter explaining why you think we could have a future together.<\/p>\n","protected":false},"author":3,"featured_media":0,"parent":0,"menu_order":0,"comment_status":"closed","ping_status":"closed","template":"template-carrieres.php","meta":{"_acf_changed":false,"inline_featured_image":false,"footnotes":""},"class_list":["post-785","page","type-page","status-publish","hentry"],"acf":[],"yoast_head":"<!-- This site is optimized with the Yoast SEO plugin v27.5 - https:\/\/yoast.com\/product\/yoast-seo-wordpress\/ -->\n<title>Careers - Euraxi<\/title>\n<meta name=\"description\" content=\"Explore career opportunities at Euraxi, a leader in clinical research. Join our innovative team and grow in a dynamic, supportive environment.\" \/>\n<meta name=\"robots\" content=\"index, follow, max-snippet:-1, max-image-preview:large, max-video-preview:-1\" \/>\n<link rel=\"canonical\" href=\"https:\/\/www.euraxi.fr\/en\/carrieres\/\" \/>\n<meta property=\"og:locale\" content=\"en_US\" \/>\n<meta property=\"og:type\" content=\"article\" \/>\n<meta property=\"og:title\" content=\"Careers - Euraxi\" \/>\n<meta property=\"og:description\" content=\"Explore career opportunities at Euraxi, a leader in clinical research. Join our innovative team and grow in a dynamic, supportive environment.\" \/>\n<meta property=\"og:url\" content=\"https:\/\/www.euraxi.fr\/en\/carrieres\/\" \/>\n<meta property=\"og:site_name\" content=\"Euraxi\" \/>\n<meta property=\"article:modified_time\" content=\"2025-02-14T14:52:43+00:00\" \/>\n<meta name=\"twitter:card\" content=\"summary_large_image\" \/>\n<meta name=\"twitter:site\" content=\"@euraxihts\" \/>\n<meta name=\"twitter:label1\" content=\"Est. reading time\" \/>\n\t<meta name=\"twitter:data1\" content=\"1 minute\" \/>\n<script type=\"application\/ld+json\" class=\"yoast-schema-graph\">{\"@context\":\"https:\\\/\\\/schema.org\",\"@graph\":[{\"@type\":\"WebPage\",\"@id\":\"https:\\\/\\\/www.euraxi.fr\\\/en\\\/carrieres\\\/\",\"url\":\"https:\\\/\\\/www.euraxi.fr\\\/en\\\/carrieres\\\/\",\"name\":\"Careers - Euraxi\",\"isPartOf\":{\"@id\":\"https:\\\/\\\/www.euraxi.fr\\\/en\\\/#website\"},\"datePublished\":\"2022-05-02T08:37:41+00:00\",\"dateModified\":\"2025-02-14T14:52:43+00:00\",\"description\":\"Explore career opportunities at Euraxi, a leader in clinical research. Join our innovative team and grow in a dynamic, supportive environment.\",\"breadcrumb\":{\"@id\":\"https:\\\/\\\/www.euraxi.fr\\\/en\\\/carrieres\\\/#breadcrumb\"},\"inLanguage\":\"en-US\",\"potentialAction\":[{\"@type\":\"ReadAction\",\"target\":[\"https:\\\/\\\/www.euraxi.fr\\\/en\\\/carrieres\\\/\"]}]},{\"@type\":\"BreadcrumbList\",\"@id\":\"https:\\\/\\\/www.euraxi.fr\\\/en\\\/carrieres\\\/#breadcrumb\",\"itemListElement\":[{\"@type\":\"ListItem\",\"position\":1,\"name\":\"Accueil\",\"item\":\"https:\\\/\\\/www.euraxi.fr\\\/en\\\/\"},{\"@type\":\"ListItem\",\"position\":2,\"name\":\"Careers\"}]},{\"@type\":\"WebSite\",\"@id\":\"https:\\\/\\\/www.euraxi.fr\\\/en\\\/#website\",\"url\":\"https:\\\/\\\/www.euraxi.fr\\\/en\\\/\",\"name\":\"Euraxi - CRO depuis 1986 - Recherche Clinique\",\"description\":\"Sp\u00e9cialis\u00e9 dans l&#039;accompagnement des projets dans le secteur de la sant\u00e9 depuis 1986\",\"publisher\":{\"@id\":\"https:\\\/\\\/www.euraxi.fr\\\/en\\\/#organization\"},\"potentialAction\":[{\"@type\":\"SearchAction\",\"target\":{\"@type\":\"EntryPoint\",\"urlTemplate\":\"https:\\\/\\\/www.euraxi.fr\\\/en\\\/?s={search_term_string}\"},\"query-input\":{\"@type\":\"PropertyValueSpecification\",\"valueRequired\":true,\"valueName\":\"search_term_string\"}}],\"inLanguage\":\"en-US\"},{\"@type\":\"Organization\",\"@id\":\"https:\\\/\\\/www.euraxi.fr\\\/en\\\/#organization\",\"name\":\"Euraxi\",\"url\":\"https:\\\/\\\/www.euraxi.fr\\\/en\\\/\",\"logo\":{\"@type\":\"ImageObject\",\"inLanguage\":\"en-US\",\"@id\":\"https:\\\/\\\/www.euraxi.fr\\\/en\\\/#\\\/schema\\\/logo\\\/image\\\/\",\"url\":\"https:\\\/\\\/www.euraxi.fr\\\/wp-content\\\/uploads\\\/2022\\\/05\\\/logo-euraxi-white.png\",\"contentUrl\":\"https:\\\/\\\/www.euraxi.fr\\\/wp-content\\\/uploads\\\/2022\\\/05\\\/logo-euraxi-white.png\",\"width\":451,\"height\":128,\"caption\":\"Euraxi\"},\"image\":{\"@id\":\"https:\\\/\\\/www.euraxi.fr\\\/en\\\/#\\\/schema\\\/logo\\\/image\\\/\"},\"sameAs\":[\"https:\\\/\\\/x.com\\\/euraxihts\",\"https:\\\/\\\/www.linkedin.com\\\/company\\\/euraxi-pharma\\\/\"]}]}<\/script>\n<!-- \/ Yoast SEO plugin. -->","yoast_head_json":{"title":"Careers - Euraxi","description":"Explore career opportunities at Euraxi, a leader in clinical research. Join our innovative team and grow in a dynamic, supportive environment.","robots":{"index":"index","follow":"follow","max-snippet":"max-snippet:-1","max-image-preview":"max-image-preview:large","max-video-preview":"max-video-preview:-1"},"canonical":"https:\/\/www.euraxi.fr\/en\/carrieres\/","og_locale":"en_US","og_type":"article","og_title":"Careers - Euraxi","og_description":"Explore career opportunities at Euraxi, a leader in clinical research. Join our innovative team and grow in a dynamic, supportive environment.","og_url":"https:\/\/www.euraxi.fr\/en\/carrieres\/","og_site_name":"Euraxi","article_modified_time":"2025-02-14T14:52:43+00:00","twitter_card":"summary_large_image","twitter_site":"@euraxihts","twitter_misc":{"Est. reading time":"1 minute"},"schema":{"@context":"https:\/\/schema.org","@graph":[{"@type":"WebPage","@id":"https:\/\/www.euraxi.fr\/en\/carrieres\/","url":"https:\/\/www.euraxi.fr\/en\/carrieres\/","name":"Careers - Euraxi","isPartOf":{"@id":"https:\/\/www.euraxi.fr\/en\/#website"},"datePublished":"2022-05-02T08:37:41+00:00","dateModified":"2025-02-14T14:52:43+00:00","description":"Explore career opportunities at Euraxi, a leader in clinical research. Join our innovative team and grow in a dynamic, supportive environment.","breadcrumb":{"@id":"https:\/\/www.euraxi.fr\/en\/carrieres\/#breadcrumb"},"inLanguage":"en-US","potentialAction":[{"@type":"ReadAction","target":["https:\/\/www.euraxi.fr\/en\/carrieres\/"]}]},{"@type":"BreadcrumbList","@id":"https:\/\/www.euraxi.fr\/en\/carrieres\/#breadcrumb","itemListElement":[{"@type":"ListItem","position":1,"name":"Accueil","item":"https:\/\/www.euraxi.fr\/en\/"},{"@type":"ListItem","position":2,"name":"Careers"}]},{"@type":"WebSite","@id":"https:\/\/www.euraxi.fr\/en\/#website","url":"https:\/\/www.euraxi.fr\/en\/","name":"Euraxi - CRO depuis 1986 - Recherche Clinique","description":"Sp\u00e9cialis\u00e9 dans l&#039;accompagnement des projets dans le secteur de la sant\u00e9 depuis 1986","publisher":{"@id":"https:\/\/www.euraxi.fr\/en\/#organization"},"potentialAction":[{"@type":"SearchAction","target":{"@type":"EntryPoint","urlTemplate":"https:\/\/www.euraxi.fr\/en\/?s={search_term_string}"},"query-input":{"@type":"PropertyValueSpecification","valueRequired":true,"valueName":"search_term_string"}}],"inLanguage":"en-US"},{"@type":"Organization","@id":"https:\/\/www.euraxi.fr\/en\/#organization","name":"Euraxi","url":"https:\/\/www.euraxi.fr\/en\/","logo":{"@type":"ImageObject","inLanguage":"en-US","@id":"https:\/\/www.euraxi.fr\/en\/#\/schema\/logo\/image\/","url":"https:\/\/www.euraxi.fr\/wp-content\/uploads\/2022\/05\/logo-euraxi-white.png","contentUrl":"https:\/\/www.euraxi.fr\/wp-content\/uploads\/2022\/05\/logo-euraxi-white.png","width":451,"height":128,"caption":"Euraxi"},"image":{"@id":"https:\/\/www.euraxi.fr\/en\/#\/schema\/logo\/image\/"},"sameAs":["https:\/\/x.com\/euraxihts","https:\/\/www.linkedin.com\/company\/euraxi-pharma\/"]}]}},"_links":{"self":[{"href":"https:\/\/www.euraxi.fr\/en\/wp-json\/wp\/v2\/pages\/785","targetHints":{"allow":["GET"]}}],"collection":[{"href":"https:\/\/www.euraxi.fr\/en\/wp-json\/wp\/v2\/pages"}],"about":[{"href":"https:\/\/www.euraxi.fr\/en\/wp-json\/wp\/v2\/types\/page"}],"author":[{"embeddable":true,"href":"https:\/\/www.euraxi.fr\/en\/wp-json\/wp\/v2\/users\/3"}],"replies":[{"embeddable":true,"href":"https:\/\/www.euraxi.fr\/en\/wp-json\/wp\/v2\/comments?post=785"}],"version-history":[{"count":37,"href":"https:\/\/www.euraxi.fr\/en\/wp-json\/wp\/v2\/pages\/785\/revisions"}],"predecessor-version":[{"id":2233,"href":"https:\/\/www.euraxi.fr\/en\/wp-json\/wp\/v2\/pages\/785\/revisions\/2233"}],"wp:attachment":[{"href":"https:\/\/www.euraxi.fr\/en\/wp-json\/wp\/v2\/media?parent=785"}],"curies":[{"name":"wp","href":"https:\/\/api.w.org\/{rel}","templated":true}]}}