{"id":768,"date":"2022-05-02T11:45:02","date_gmt":"2022-05-02T09:45:02","guid":{"rendered":"https:\/\/www.euraxi.fr\/acces-precoces-compassionnels\/"},"modified":"2025-02-14T15:21:53","modified_gmt":"2025-02-14T14:21:53","slug":"acces-precoces-compassionnels","status":"publish","type":"page","link":"https:\/\/www.euraxi.fr\/en\/acces-precoces-compassionnels\/","title":{"rendered":"Early access and compassionate use"},"content":{"rendered":"","protected":false},"excerpt":{"rendered":"","protected":false},"author":3,"featured_media":0,"parent":0,"menu_order":0,"comment_status":"closed","ping_status":"closed","template":"template-service.php","meta":{"_acf_changed":false,"inline_featured_image":false,"footnotes":""},"class_list":["post-768","page","type-page","status-publish","hentry"],"acf":[],"yoast_head":"<!-- This site is optimized with the Yoast SEO plugin v27.3 - https:\/\/yoast.com\/product\/yoast-seo-wordpress\/ -->\n<title>Early access and compassionate use - Euraxi<\/title>\n<meta name=\"description\" content=\"Euraxi supports you in implementing EAPs, CUPs &amp; NPPs, ensuring regulatory compliance and secure access to treatments.\" \/>\n<meta name=\"robots\" content=\"index, follow, max-snippet:-1, max-image-preview:large, max-video-preview:-1\" \/>\n<link rel=\"canonical\" href=\"https:\/\/www.euraxi.fr\/en\/acces-precoces-compassionnels\/\" \/>\n<meta property=\"og:locale\" content=\"en_US\" \/>\n<meta property=\"og:type\" content=\"article\" \/>\n<meta property=\"og:title\" content=\"Early access and compassionate use - Euraxi\" \/>\n<meta property=\"og:description\" content=\"Euraxi supports you in implementing EAPs, CUPs &amp; NPPs, ensuring regulatory compliance and secure access to treatments.\" \/>\n<meta property=\"og:url\" content=\"https:\/\/www.euraxi.fr\/en\/acces-precoces-compassionnels\/\" \/>\n<meta property=\"og:site_name\" content=\"Euraxi\" \/>\n<meta property=\"article:modified_time\" content=\"2025-02-14T14:21:53+00:00\" \/>\n<meta name=\"twitter:card\" content=\"summary_large_image\" \/>\n<meta name=\"twitter:site\" content=\"@euraxihts\" \/>\n<script type=\"application\/ld+json\" class=\"yoast-schema-graph\">{\"@context\":\"https:\\\/\\\/schema.org\",\"@graph\":[{\"@type\":\"WebPage\",\"@id\":\"https:\\\/\\\/www.euraxi.fr\\\/en\\\/acces-precoces-compassionnels\\\/\",\"url\":\"https:\\\/\\\/www.euraxi.fr\\\/en\\\/acces-precoces-compassionnels\\\/\",\"name\":\"Early access and compassionate use - Euraxi\",\"isPartOf\":{\"@id\":\"https:\\\/\\\/www.euraxi.fr\\\/en\\\/#website\"},\"datePublished\":\"2022-05-02T09:45:02+00:00\",\"dateModified\":\"2025-02-14T14:21:53+00:00\",\"description\":\"Euraxi supports you in implementing EAPs, CUPs & NPPs, ensuring regulatory compliance and secure access to treatments.\",\"breadcrumb\":{\"@id\":\"https:\\\/\\\/www.euraxi.fr\\\/en\\\/acces-precoces-compassionnels\\\/#breadcrumb\"},\"inLanguage\":\"en-US\",\"potentialAction\":[{\"@type\":\"ReadAction\",\"target\":[\"https:\\\/\\\/www.euraxi.fr\\\/en\\\/acces-precoces-compassionnels\\\/\"]}]},{\"@type\":\"BreadcrumbList\",\"@id\":\"https:\\\/\\\/www.euraxi.fr\\\/en\\\/acces-precoces-compassionnels\\\/#breadcrumb\",\"itemListElement\":[{\"@type\":\"ListItem\",\"position\":1,\"name\":\"Accueil\",\"item\":\"https:\\\/\\\/www.euraxi.fr\\\/en\\\/\"},{\"@type\":\"ListItem\",\"position\":2,\"name\":\"Early access and compassionate use\"}]},{\"@type\":\"WebSite\",\"@id\":\"https:\\\/\\\/www.euraxi.fr\\\/en\\\/#website\",\"url\":\"https:\\\/\\\/www.euraxi.fr\\\/en\\\/\",\"name\":\"Euraxi - CRO depuis 1986 - Recherche Clinique\",\"description\":\"Sp\u00e9cialis\u00e9 dans l&#039;accompagnement des projets dans le secteur de la sant\u00e9 depuis 1986\",\"publisher\":{\"@id\":\"https:\\\/\\\/www.euraxi.fr\\\/en\\\/#organization\"},\"potentialAction\":[{\"@type\":\"SearchAction\",\"target\":{\"@type\":\"EntryPoint\",\"urlTemplate\":\"https:\\\/\\\/www.euraxi.fr\\\/en\\\/?s={search_term_string}\"},\"query-input\":{\"@type\":\"PropertyValueSpecification\",\"valueRequired\":true,\"valueName\":\"search_term_string\"}}],\"inLanguage\":\"en-US\"},{\"@type\":\"Organization\",\"@id\":\"https:\\\/\\\/www.euraxi.fr\\\/en\\\/#organization\",\"name\":\"Euraxi\",\"url\":\"https:\\\/\\\/www.euraxi.fr\\\/en\\\/\",\"logo\":{\"@type\":\"ImageObject\",\"inLanguage\":\"en-US\",\"@id\":\"https:\\\/\\\/www.euraxi.fr\\\/en\\\/#\\\/schema\\\/logo\\\/image\\\/\",\"url\":\"https:\\\/\\\/www.euraxi.fr\\\/wp-content\\\/uploads\\\/2022\\\/05\\\/logo-euraxi-white.png\",\"contentUrl\":\"https:\\\/\\\/www.euraxi.fr\\\/wp-content\\\/uploads\\\/2022\\\/05\\\/logo-euraxi-white.png\",\"width\":451,\"height\":128,\"caption\":\"Euraxi\"},\"image\":{\"@id\":\"https:\\\/\\\/www.euraxi.fr\\\/en\\\/#\\\/schema\\\/logo\\\/image\\\/\"},\"sameAs\":[\"https:\\\/\\\/x.com\\\/euraxihts\",\"https:\\\/\\\/www.linkedin.com\\\/company\\\/euraxi-pharma\\\/\"]}]}<\/script>\n<!-- \/ Yoast SEO plugin. -->","yoast_head_json":{"title":"Early access and compassionate use - Euraxi","description":"Euraxi supports you in implementing EAPs, CUPs & NPPs, ensuring regulatory compliance and secure access to treatments.","robots":{"index":"index","follow":"follow","max-snippet":"max-snippet:-1","max-image-preview":"max-image-preview:large","max-video-preview":"max-video-preview:-1"},"canonical":"https:\/\/www.euraxi.fr\/en\/acces-precoces-compassionnels\/","og_locale":"en_US","og_type":"article","og_title":"Early access and compassionate use - Euraxi","og_description":"Euraxi supports you in implementing EAPs, CUPs & NPPs, ensuring regulatory compliance and secure access to treatments.","og_url":"https:\/\/www.euraxi.fr\/en\/acces-precoces-compassionnels\/","og_site_name":"Euraxi","article_modified_time":"2025-02-14T14:21:53+00:00","twitter_card":"summary_large_image","twitter_site":"@euraxihts","schema":{"@context":"https:\/\/schema.org","@graph":[{"@type":"WebPage","@id":"https:\/\/www.euraxi.fr\/en\/acces-precoces-compassionnels\/","url":"https:\/\/www.euraxi.fr\/en\/acces-precoces-compassionnels\/","name":"Early access and compassionate use - Euraxi","isPartOf":{"@id":"https:\/\/www.euraxi.fr\/en\/#website"},"datePublished":"2022-05-02T09:45:02+00:00","dateModified":"2025-02-14T14:21:53+00:00","description":"Euraxi supports you in implementing EAPs, CUPs & NPPs, ensuring regulatory compliance and secure access to treatments.","breadcrumb":{"@id":"https:\/\/www.euraxi.fr\/en\/acces-precoces-compassionnels\/#breadcrumb"},"inLanguage":"en-US","potentialAction":[{"@type":"ReadAction","target":["https:\/\/www.euraxi.fr\/en\/acces-precoces-compassionnels\/"]}]},{"@type":"BreadcrumbList","@id":"https:\/\/www.euraxi.fr\/en\/acces-precoces-compassionnels\/#breadcrumb","itemListElement":[{"@type":"ListItem","position":1,"name":"Accueil","item":"https:\/\/www.euraxi.fr\/en\/"},{"@type":"ListItem","position":2,"name":"Early access and compassionate use"}]},{"@type":"WebSite","@id":"https:\/\/www.euraxi.fr\/en\/#website","url":"https:\/\/www.euraxi.fr\/en\/","name":"Euraxi - CRO depuis 1986 - Recherche Clinique","description":"Sp\u00e9cialis\u00e9 dans l&#039;accompagnement des projets dans le secteur de la sant\u00e9 depuis 1986","publisher":{"@id":"https:\/\/www.euraxi.fr\/en\/#organization"},"potentialAction":[{"@type":"SearchAction","target":{"@type":"EntryPoint","urlTemplate":"https:\/\/www.euraxi.fr\/en\/?s={search_term_string}"},"query-input":{"@type":"PropertyValueSpecification","valueRequired":true,"valueName":"search_term_string"}}],"inLanguage":"en-US"},{"@type":"Organization","@id":"https:\/\/www.euraxi.fr\/en\/#organization","name":"Euraxi","url":"https:\/\/www.euraxi.fr\/en\/","logo":{"@type":"ImageObject","inLanguage":"en-US","@id":"https:\/\/www.euraxi.fr\/en\/#\/schema\/logo\/image\/","url":"https:\/\/www.euraxi.fr\/wp-content\/uploads\/2022\/05\/logo-euraxi-white.png","contentUrl":"https:\/\/www.euraxi.fr\/wp-content\/uploads\/2022\/05\/logo-euraxi-white.png","width":451,"height":128,"caption":"Euraxi"},"image":{"@id":"https:\/\/www.euraxi.fr\/en\/#\/schema\/logo\/image\/"},"sameAs":["https:\/\/x.com\/euraxihts","https:\/\/www.linkedin.com\/company\/euraxi-pharma\/"]}]}},"_links":{"self":[{"href":"https:\/\/www.euraxi.fr\/en\/wp-json\/wp\/v2\/pages\/768","targetHints":{"allow":["GET"]}}],"collection":[{"href":"https:\/\/www.euraxi.fr\/en\/wp-json\/wp\/v2\/pages"}],"about":[{"href":"https:\/\/www.euraxi.fr\/en\/wp-json\/wp\/v2\/types\/page"}],"author":[{"embeddable":true,"href":"https:\/\/www.euraxi.fr\/en\/wp-json\/wp\/v2\/users\/3"}],"replies":[{"embeddable":true,"href":"https:\/\/www.euraxi.fr\/en\/wp-json\/wp\/v2\/comments?post=768"}],"version-history":[{"count":21,"href":"https:\/\/www.euraxi.fr\/en\/wp-json\/wp\/v2\/pages\/768\/revisions"}],"predecessor-version":[{"id":2544,"href":"https:\/\/www.euraxi.fr\/en\/wp-json\/wp\/v2\/pages\/768\/revisions\/2544"}],"wp:attachment":[{"href":"https:\/\/www.euraxi.fr\/en\/wp-json\/wp\/v2\/media?parent=768"}],"curies":[{"name":"wp","href":"https:\/\/api.w.org\/{rel}","templated":true}]}}